{"id":4073,"date":"2024-01-15T11:56:28","date_gmt":"2024-01-15T10:56:28","guid":{"rendered":"https:\/\/leuenbergerspa.com\/sacs-provisions\/"},"modified":"2024-04-29T16:07:49","modified_gmt":"2024-04-29T14:07:49","slug":"sacs-provisions","status":"publish","type":"page","link":"https:\/\/leuenbergerspa.com\/fr\/sacs-provisions\/","title":{"rendered":"SACS \u00c0 PROVISIONS"},"content":{"rendered":"\t\t<div data-elementor-type=\"wp-page\" data-elementor-id=\"4073\" class=\"elementor elementor-4073 elementor-2739\" data-elementor-post-type=\"page\">\n\t\t\t\t\t\t<section class=\"elementor-section elementor-top-section elementor-element elementor-element-17fe803 elementor-section-height-full elementor-section-boxed elementor-section-height-default elementor-section-items-middle\" data-id=\"17fe803\" data-element_type=\"section\" data-e-type=\"section\" data-settings=\"{&quot;background_background&quot;:&quot;classic&quot;}\">\n\t\t\t\t\t\t\t<div class=\"elementor-background-overlay\"><\/div>\n\t\t\t\t\t\t\t<div class=\"elementor-container elementor-column-gap-default\">\n\t\t\t\t\t<div class=\"elementor-column elementor-col-100 elementor-top-column elementor-element elementor-element-7bdc7ba\" data-id=\"7bdc7ba\" data-element_type=\"column\" data-e-type=\"column\">\n\t\t\t<div class=\"elementor-widget-wrap elementor-element-populated\">\n\t\t\t\t\t\t<div class=\"elementor-element elementor-element-b79817b elementor-widget elementor-widget-heading\" data-id=\"b79817b\" data-element_type=\"widget\" data-e-type=\"widget\" data-widget_type=\"heading.default\">\n\t\t\t\t<div class=\"elementor-widget-container\">\n\t\t\t\t\t<h2 class=\"elementor-heading-title elementor-size-default\">Applications<\/h2>\t\t\t\t<\/div>\n\t\t\t\t<\/div>\n\t\t\t\t<div class=\"elementor-element elementor-element-55b53b3 elementor-widget-divider--view-line elementor-widget elementor-widget-divider\" data-id=\"55b53b3\" data-element_type=\"widget\" data-e-type=\"widget\" data-widget_type=\"divider.default\">\n\t\t\t\t<div class=\"elementor-widget-container\">\n\t\t\t\t\t\t\t<div class=\"elementor-divider\">\n\t\t\t<span class=\"elementor-divider-separator\">\n\t\t\t\t\t\t<\/span>\n\t\t<\/div>\n\t\t\t\t\t\t<\/div>\n\t\t\t\t<\/div>\n\t\t\t\t<div class=\"elementor-element elementor-element-fd0db03 elementor-widget elementor-widget-heading\" data-id=\"fd0db03\" data-element_type=\"widget\" data-e-type=\"widget\" data-widget_type=\"heading.default\">\n\t\t\t\t<div class=\"elementor-widget-container\">\n\t\t\t\t\t<h2 class=\"elementor-heading-title elementor-size-default\">SACS \u00c0 PROVISIONS<\/h2>\t\t\t\t<\/div>\n\t\t\t\t<\/div>\n\t\t\t\t\t<\/div>\n\t\t<\/div>\n\t\t\t\t\t<\/div>\n\t\t<\/section>\n\t\t\t\t<section class=\"elementor-section elementor-top-section elementor-element elementor-element-6fed522 elementor-section-boxed elementor-section-height-default elementor-section-height-default\" data-id=\"6fed522\" data-element_type=\"section\" data-e-type=\"section\">\n\t\t\t\t\t\t<div class=\"elementor-container elementor-column-gap-default\">\n\t\t\t\t\t<div class=\"elementor-column elementor-col-100 elementor-top-column elementor-element elementor-element-3d6a45a\" data-id=\"3d6a45a\" data-element_type=\"column\" data-e-type=\"column\">\n\t\t\t<div class=\"elementor-widget-wrap elementor-element-populated\">\n\t\t\t\t\t\t<div class=\"elementor-element elementor-element-87fd79a elementor-align-center elementor-widget elementor-widget-lottie\" data-id=\"87fd79a\" data-element_type=\"widget\" data-e-type=\"widget\" data-settings=\"{&quot;source_json&quot;:{&quot;url&quot;:&quot;https:\\\/\\\/leuenbergerspa.com\\\/wp-content\\\/uploads\\\/2023\\\/09\\\/animation_lmq1asgb.json&quot;,&quot;id&quot;:471,&quot;size&quot;:&quot;&quot;,&quot;alt&quot;:&quot;&quot;,&quot;source&quot;:&quot;library&quot;},&quot;link_to&quot;:&quot;custom&quot;,&quot;custom_link&quot;:{&quot;url&quot;:&quot;#un&quot;,&quot;is_external&quot;:&quot;&quot;,&quot;nofollow&quot;:&quot;&quot;,&quot;custom_attributes&quot;:&quot;&quot;},&quot;loop&quot;:&quot;yes&quot;,&quot;source&quot;:&quot;media_file&quot;,&quot;caption_source&quot;:&quot;none&quot;,&quot;trigger&quot;:&quot;arriving_to_viewport&quot;,&quot;viewport&quot;:{&quot;unit&quot;:&quot;%&quot;,&quot;size&quot;:&quot;&quot;,&quot;sizes&quot;:{&quot;start&quot;:0,&quot;end&quot;:100}},&quot;play_speed&quot;:{&quot;unit&quot;:&quot;px&quot;,&quot;size&quot;:1,&quot;sizes&quot;:[]},&quot;start_point&quot;:{&quot;unit&quot;:&quot;%&quot;,&quot;size&quot;:0,&quot;sizes&quot;:[]},&quot;end_point&quot;:{&quot;unit&quot;:&quot;%&quot;,&quot;size&quot;:100,&quot;sizes&quot;:[]},&quot;renderer&quot;:&quot;svg&quot;}\" data-widget_type=\"lottie.default\">\n\t\t\t\t<div class=\"elementor-widget-container\">\n\t\t\t\t\t<a class=\"e-lottie__container__link\" href=\"#un\"><div class=\"e-lottie__container\"><div class=\"e-lottie__animation\"><\/div><\/div><\/a>\t\t\t\t<\/div>\n\t\t\t\t<\/div>\n\t\t\t\t\t<\/div>\n\t\t<\/div>\n\t\t\t\t\t<\/div>\n\t\t<\/section>\n\t\t\t\t<section class=\"elementor-section elementor-top-section elementor-element elementor-element-942acae elementor-section-full_width elementor-section-height-min-height elementor-section-height-default elementor-section-items-middle\" data-id=\"942acae\" data-element_type=\"section\" data-e-type=\"section\">\n\t\t\t\t\t\t<div class=\"elementor-container elementor-column-gap-default\">\n\t\t\t\t\t<div class=\"elementor-column elementor-col-100 elementor-top-column elementor-element elementor-element-df7f33a\" data-id=\"df7f33a\" data-element_type=\"column\" data-e-type=\"column\">\n\t\t\t<div class=\"elementor-widget-wrap elementor-element-populated\">\n\t\t\t\t\t\t<section class=\"elementor-section elementor-inner-section elementor-element elementor-element-cdbcef0 elementor-section-full_width elementor-section-height-min-height elementor-section-height-default\" data-id=\"cdbcef0\" data-element_type=\"section\" data-e-type=\"section\">\n\t\t\t\t\t\t<div class=\"elementor-container elementor-column-gap-default\">\n\t\t\t\t\t<div class=\"elementor-column elementor-col-50 elementor-inner-column elementor-element elementor-element-d9e02b9\" data-id=\"d9e02b9\" data-element_type=\"column\" data-e-type=\"column\" data-settings=\"{&quot;background_background&quot;:&quot;classic&quot;}\">\n\t\t\t<div class=\"elementor-widget-wrap elementor-element-populated\">\n\t\t\t\t\t\t<div class=\"elementor-element elementor-element-459ce6a elementor-view-framed elementor-shape-circle elementor-widget elementor-widget-icon\" data-id=\"459ce6a\" data-element_type=\"widget\" data-e-type=\"widget\" data-widget_type=\"icon.default\">\n\t\t\t\t<div class=\"elementor-widget-container\">\n\t\t\t\t\t\t\t<div class=\"elementor-icon-wrapper\">\n\t\t\t<div class=\"elementor-icon\">\n\t\t\t<svg xmlns=\"http:\/\/www.w3.org\/2000\/svg\" id=\"uuid-fcb94c94-2425-4d64-aad2-764001eace3c\" viewBox=\"0 0 324.3 400\"><defs><style>.uuid-53d09a4d-d549-41bd-965a-c479d2f4fa01{fill:#fff;stroke-width:0px;}<\/style><\/defs><g id=\"uuid-f4281d61-01cf-4202-ab47-e9bdcb39079a\"><path class=\"uuid-53d09a4d-d549-41bd-965a-c479d2f4fa01\" d=\"m3.6,400C.4,397.6,0,394.4,0,390.7c0-23.8,0-47.7,0-71.5,0-6.1,1.8-8.9,5.7-9,4-.1,6,2.8,6,9.1,0,21.5,0,43,0,64.5,0,3.3.6,4.6,4.4,4.6,76.6-.1,153.1-.1,229.7,0,3.4,0,4.4-.8,4.3-4.3-.1-91.4,0-182.8,0-274.2,0-3.2-.5-4.5-4.2-4.5-19.5.2-39.1.2-58.6,0-3,0-3.8.8-3.7,3.7.2,8.9,0,17.7,0,26.6,0,1.4,0,2.9-.3,4.3-.6,2.9-2.6,4.5-5.6,4.5-2.9,0-5.1-1.6-5.5-4.6-.4-3.1-.3-6.2-.3-9.3,0-7.2-.1-14.3,0-21.5,0-2.6-.6-3.6-3.4-3.6-25.1.1-50.3,0-75.4,0-2.6,0-3.3.9-3.3,3.4.1,8.9,0,17.7,0,26.6,0,1.4,0,2.9-.3,4.3-.5,3.1-2.6,4.9-5.7,4.8-3.1,0-5.1-1.8-5.5-5-.2-1.3-.2-2.6-.2-3.9,0-8.6-.2-17.2,0-25.8,0-3.3-.7-4.4-4.3-4.4-19.3.2-38.5.2-57.8,0-3.7,0-4.5,1.2-4.5,4.6,0,50.9,0,101.8,0,152.7,0,9,0,18,0,27,0,1.6,0,3.2-.4,4.6-.8,2.7-2.9,4.1-5.6,4-2.5,0-4.5-1.4-5.2-4-.4-1.6-.5-3.3-.5-5,0-62.1,0-124.2,0-186.3,0-7.6,1.6-9.2,9.1-9.2,21.2,0,42.5,0,63.7,0,5.9,0,5.3,1,5.3-5.5,0-13-.3-26.1.3-39.1,1.9-39.2,46.5-62.3,79.7-41.3,2.9,1.8,4.9,1.9,7.9,0,33.2-21,77.9,2.1,79.7,41.3.6,13.5.4,27.1.3,40.6,0,3.3,1,4.1,4.2,4.1,21.7-.1,43.5,0,65.2,0,7,0,8.8,1.7,8.8,8.7,0,96.4,0,192.7,0,289.1,0,3.7-.8,6.7-4.3,8.4H3.6Zm258.2-21.4c.3.1.7.3,1,.4,5.1-5.1,10.1-10.4,15.4-15.4,2.4-2.3,3.2-4.6,3.2-7.9,0-81.6,0-163.2,0-244.8,0-.8,0-1.6,0-2.3.2-2.3-.6-3.3-3-3.2-3.8.2-7.5,0-11.3,0q-5.2,0-5.2,5.3c0,87.7,0,175.5,0,263.2s0,3.1,0,4.6Zm50.8,1.2c0-2.6,0-4,0-5.5,0-87.9,0-175.7,0-263.6,0-.8,0-1.6,0-2.3.2-2.2-.7-3-2.9-2.9-4.3.1-8.6.2-12.9,0-2.8-.1-3.8.6-3.8,3.6,0,82.8,0,165.6,0,248.4,0,1.3-.3,2.7.8,3.7,6,5.9,11.9,11.8,18.7,18.6ZM115.3,93.8c7,0,14.1-.2,21.1,0,3.3.1,4.5-.7,4.4-4.2-.2-11.6,0-23.2-.1-34.7-.1-12.6,3.2-24.2,11-34.2,1.4-1.8,1.1-2.6-.8-3.7-24.4-14.7-58.5,2.8-60.6,31.3-1.1,14.3-.2,28.6-.4,42.9,0,2.5,1.3,2.6,3.2,2.6,7.4,0,14.8,0,22.3,0Zm94.1,0c7.4,0,14.8,0,22.3,0,1.9,0,2.8-.4,2.8-2.6-.2-14.2.4-28.4-.4-42.5-1.7-28.5-34.9-46-59.9-32.2-2.5,1.4-3.1,2.2-1.1,4.8,6.4,8.3,10.1,17.9,10.3,28.5.3,13.4.3,26.8.2,40.2,0,3.1.9,4,3.9,3.9,7.3-.2,14.6,0,21.9,0Zm-57-26.2c0,8.7,0,15.8,0,23,0,2.6.8,3.4,3.3,3.3,4.3-.2,8.6-.2,12.9,0,2.8.2,3.5-.9,3.4-3.6-.1-12.1,0-24.2,0-36.3,0-9.3-2.4-17.9-8.1-25.5-1.3-1.7-1.9-2.1-3.3,0-2.7,3.9-4.9,7.9-6.3,12.5-2.9,9.3-1.5,18.8-1.9,26.8Zm118,320.4h33.7c-5.5-5.4-10.4-10.3-15.3-15.3-1-1-1.7-1.4-2.9-.2-5,5-10,10-15.5,15.5Z\"><\/path><\/g><\/svg>\t\t\t<\/div>\n\t\t<\/div>\n\t\t\t\t\t\t<\/div>\n\t\t\t\t<\/div>\n\t\t\t\t\t<\/div>\n\t\t<\/div>\n\t\t\t\t<div class=\"elementor-column elementor-col-50 elementor-inner-column elementor-element elementor-element-0359cf3\" data-id=\"0359cf3\" data-element_type=\"column\" data-e-type=\"column\" data-settings=\"{&quot;background_background&quot;:&quot;classic&quot;}\">\n\t\t\t<div class=\"elementor-widget-wrap elementor-element-populated\">\n\t\t\t\t\t\t<div class=\"elementor-element elementor-element-3b8568f elementor-widget elementor-widget-text-editor\" data-id=\"3b8568f\" data-element_type=\"widget\" data-e-type=\"widget\" data-widget_type=\"text-editor.default\">\n\t\t\t\t<div class=\"elementor-widget-container\">\n\t\t\t\t\t\t\t\t\t<p><strong><span style=\"text-decoration: underline;\"><i>Resicol<\/i><\/span><\/strong> <span style=\"font-weight: 400;\">&#8211; colle \u00e0 froid pour le collage du fond normal comme plastifi\u00e9, collage longitudinal, formage et collages des poign\u00e9es.<\/span><\/p>\n<p><span style=\"text-decoration: underline;\"><strong><i>Hotmelt<\/i><\/strong><\/span><span style=\"font-weight: 400;\"> pour le collage des poign\u00e9es, patch et longitudinal. Produits adapt\u00e9s au contact avec les denr\u00e9es alimentaires.<\/span><\/p>\n\t\t\t\t\t\t\t\t<\/div>\n\t\t\t\t<\/div>\n\t\t\t\t\t<\/div>\n\t\t<\/div>\n\t\t\t\t\t<\/div>\n\t\t<\/section>\n\t\t\t\t\t<\/div>\n\t\t<\/div>\n\t\t\t\t\t<\/div>\n\t\t<\/section>\n\t\t\t\t<section class=\"elementor-section elementor-top-section elementor-element elementor-element-9531373 elementor-section-full_width elementor-section-height-default elementor-section-height-default\" data-id=\"9531373\" data-element_type=\"section\" data-e-type=\"section\">\n\t\t\t\t\t\t<div class=\"elementor-container elementor-column-gap-default\">\n\t\t\t\t\t<div class=\"elementor-column elementor-col-100 elementor-top-column elementor-element elementor-element-06d13a3\" data-id=\"06d13a3\" data-element_type=\"column\" data-e-type=\"column\">\n\t\t\t<div class=\"elementor-widget-wrap elementor-element-populated\">\n\t\t\t\t\t\t<div class=\"elementor-element elementor-element-4fc0d5b elementor-widget elementor-widget-image-carousel\" data-id=\"4fc0d5b\" data-element_type=\"widget\" data-e-type=\"widget\" data-settings=\"{&quot;slides_to_show&quot;:&quot;5&quot;,&quot;slides_to_scroll&quot;:&quot;1&quot;,&quot;navigation&quot;:&quot;none&quot;,&quot;lazyload&quot;:&quot;yes&quot;,&quot;pause_on_hover&quot;:&quot;no&quot;,&quot;pause_on_interaction&quot;:&quot;no&quot;,&quot;autoplay_speed&quot;:8000,&quot;speed&quot;:800,&quot;image_spacing_custom&quot;:{&quot;unit&quot;:&quot;px&quot;,&quot;size&quot;:0,&quot;sizes&quot;:[]},&quot;autoplay&quot;:&quot;yes&quot;,&quot;infinite&quot;:&quot;yes&quot;,&quot;image_spacing_custom_tablet&quot;:{&quot;unit&quot;:&quot;px&quot;,&quot;size&quot;:&quot;&quot;,&quot;sizes&quot;:[]},&quot;image_spacing_custom_mobile&quot;:{&quot;unit&quot;:&quot;px&quot;,&quot;size&quot;:&quot;&quot;,&quot;sizes&quot;:[]}}\" data-widget_type=\"image-carousel.default\">\n\t\t\t\t<div class=\"elementor-widget-container\">\n\t\t\t\t\t\t\t<div class=\"elementor-image-carousel-wrapper swiper\" role=\"region\" aria-roledescription=\"carousel\" aria-label=\"Carrousel d\u2019images\" dir=\"ltr\">\n\t\t\t<div class=\"elementor-image-carousel swiper-wrapper swiper-image-stretch\" aria-live=\"off\">\n\t\t\t\t\t\t\t\t<div class=\"swiper-slide\" role=\"group\" aria-roledescription=\"slide\" aria-label=\"1 sur 9\"><figure class=\"swiper-slide-inner\"><img class=\"swiper-slide-image swiper-lazy\" data-src=\"https:\/\/leuenbergerspa.com\/wp-content\/uploads\/2023\/12\/freestocks-spP6LqxN0-g-unsplash-scaled.webp\" alt=\"freestocks-spP6LqxN0-g-unsplash\" \/><div class=\"swiper-lazy-preloader\"><\/div><\/figure><\/div><div class=\"swiper-slide\" role=\"group\" aria-roledescription=\"slide\" aria-label=\"2 sur 9\"><figure class=\"swiper-slide-inner\"><img class=\"swiper-slide-image swiper-lazy\" data-src=\"https:\/\/leuenbergerspa.com\/wp-content\/uploads\/2024\/01\/pexels-cottonbro-studio-4254031-scaled-e1706109308437.webp\" alt=\"pexels-cottonbro-studio-4254031\" \/><div class=\"swiper-lazy-preloader\"><\/div><\/figure><\/div><div class=\"swiper-slide\" role=\"group\" aria-roledescription=\"slide\" aria-label=\"3 sur 9\"><figure class=\"swiper-slide-inner\"><img class=\"swiper-slide-image swiper-lazy\" data-src=\"https:\/\/leuenbergerspa.com\/wp-content\/uploads\/2023\/12\/lucrezia-carnelos-wQ9VuP_Njr4-unsplash-scaled.webp\" alt=\"lucrezia-carnelos-wQ9VuP_Njr4-unsplash\" \/><div class=\"swiper-lazy-preloader\"><\/div><\/figure><\/div><div class=\"swiper-slide\" role=\"group\" aria-roledescription=\"slide\" aria-label=\"4 sur 9\"><figure class=\"swiper-slide-inner\"><img class=\"swiper-slide-image swiper-lazy\" data-src=\"https:\/\/leuenbergerspa.com\/wp-content\/uploads\/2023\/12\/pexels-cup-of-couple-6956922-scaled.webp\" alt=\"pexels-cup-of-couple-6956922\" \/><div class=\"swiper-lazy-preloader\"><\/div><\/figure><\/div><div class=\"swiper-slide\" role=\"group\" aria-roledescription=\"slide\" aria-label=\"5 sur 9\"><figure class=\"swiper-slide-inner\"><img class=\"swiper-slide-image swiper-lazy\" data-src=\"https:\/\/leuenbergerspa.com\/wp-content\/uploads\/2024\/01\/pexels-cottonbro-studio-6591162-scaled-e1706109344749.webp\" alt=\"pexels-cottonbro-studio-6591162\" \/><div class=\"swiper-lazy-preloader\"><\/div><\/figure><\/div><div class=\"swiper-slide\" role=\"group\" aria-roledescription=\"slide\" aria-label=\"6 sur 9\"><figure class=\"swiper-slide-inner\"><img class=\"swiper-slide-image swiper-lazy\" data-src=\"https:\/\/leuenbergerspa.com\/wp-content\/uploads\/2024\/01\/ian-talmacs-zuK9L8Y7eCI-unsplash-scaled-e1706109385452.webp\" alt=\"ian-talmacs-zuK9L8Y7eCI-unsplash\" \/><div class=\"swiper-lazy-preloader\"><\/div><\/figure><\/div><div class=\"swiper-slide\" role=\"group\" aria-roledescription=\"slide\" aria-label=\"7 sur 9\"><figure class=\"swiper-slide-inner\"><img class=\"swiper-slide-image swiper-lazy\" data-src=\"https:\/\/leuenbergerspa.com\/wp-content\/uploads\/2024\/01\/pexels-mike-jones-9461268-scaled-e1706109417711.webp\" alt=\"pexels-mike-jones-9461268\" \/><div class=\"swiper-lazy-preloader\"><\/div><\/figure><\/div><div class=\"swiper-slide\" role=\"group\" aria-roledescription=\"slide\" aria-label=\"8 sur 9\"><figure class=\"swiper-slide-inner\"><img class=\"swiper-slide-image swiper-lazy\" data-src=\"https:\/\/leuenbergerspa.com\/wp-content\/uploads\/2024\/01\/pexels-abie-zerosix-1748867-scaled-e1706109481424.webp\" alt=\"pexels-abie-zerosix-1748867\" \/><div class=\"swiper-lazy-preloader\"><\/div><\/figure><\/div><div class=\"swiper-slide\" role=\"group\" aria-roledescription=\"slide\" aria-label=\"9 sur 9\"><figure class=\"swiper-slide-inner\"><img class=\"swiper-slide-image swiper-lazy\" data-src=\"https:\/\/leuenbergerspa.com\/wp-content\/uploads\/2023\/12\/pexels-leeloo-thefirst-5556292-scaled.webp\" alt=\"pexels-leeloo-thefirst-5556292\" \/><div class=\"swiper-lazy-preloader\"><\/div><\/figure><\/div>\t\t\t<\/div>\n\t\t\t\t\t\t\t\n\t\t\t\t\t\t\t\t\t<\/div>\n\t\t\t\t\t\t<\/div>\n\t\t\t\t<\/div>\n\t\t\t\t\t<\/div>\n\t\t<\/div>\n\t\t\t\t\t<\/div>\n\t\t<\/section>\n\t\t\t\t<section class=\"elementor-section elementor-top-section elementor-element elementor-element-54c60eb elementor-section-boxed elementor-section-height-default elementor-section-height-default\" data-id=\"54c60eb\" data-element_type=\"section\" data-e-type=\"section\" data-settings=\"{&quot;background_background&quot;:&quot;classic&quot;}\">\n\t\t\t\t\t\t<div class=\"elementor-container elementor-column-gap-default\">\n\t\t\t\t\t<div class=\"elementor-column elementor-col-100 elementor-top-column elementor-element elementor-element-a49ca56\" data-id=\"a49ca56\" data-element_type=\"column\" data-e-type=\"column\">\n\t\t\t<div class=\"elementor-widget-wrap elementor-element-populated\">\n\t\t\t\t\t\t<div class=\"elementor-element elementor-element-bc62ce9 elementor-align-center elementor-widget elementor-widget-lottie\" data-id=\"bc62ce9\" data-element_type=\"widget\" data-e-type=\"widget\" data-settings=\"{&quot;source&quot;:&quot;external_url&quot;,&quot;source_external_url&quot;:{&quot;url&quot;:&quot;https:\\\/\\\/assets5.lottiefiles.com\\\/packages\\\/lf20_3eFJgudMVY.json&quot;,&quot;is_external&quot;:&quot;&quot;,&quot;nofollow&quot;:&quot;&quot;,&quot;custom_attributes&quot;:&quot;&quot;},&quot;loop&quot;:&quot;yes&quot;,&quot;lazyload&quot;:&quot;yes&quot;,&quot;link_to&quot;:&quot;none&quot;,&quot;trigger&quot;:&quot;arriving_to_viewport&quot;,&quot;viewport&quot;:{&quot;unit&quot;:&quot;%&quot;,&quot;size&quot;:&quot;&quot;,&quot;sizes&quot;:{&quot;start&quot;:0,&quot;end&quot;:100}},&quot;play_speed&quot;:{&quot;unit&quot;:&quot;px&quot;,&quot;size&quot;:1,&quot;sizes&quot;:[]},&quot;start_point&quot;:{&quot;unit&quot;:&quot;%&quot;,&quot;size&quot;:0,&quot;sizes&quot;:[]},&quot;end_point&quot;:{&quot;unit&quot;:&quot;%&quot;,&quot;size&quot;:100,&quot;sizes&quot;:[]},&quot;renderer&quot;:&quot;svg&quot;}\" data-widget_type=\"lottie.default\">\n\t\t\t\t<div class=\"elementor-widget-container\">\n\t\t\t\t\t<div class=\"e-lottie__container\"><div class=\"e-lottie__animation\"><\/div><\/div>\t\t\t\t<\/div>\n\t\t\t\t<\/div>\n\t\t\t\t<div class=\"elementor-element elementor-element-44dab0b elementor-widget elementor-widget-heading\" data-id=\"44dab0b\" data-element_type=\"widget\" data-e-type=\"widget\" data-widget_type=\"heading.default\">\n\t\t\t\t<div class=\"elementor-widget-container\">\n\t\t\t\t\t<h2 class=\"elementor-heading-title elementor-size-default\">Proche de vous, partout<\/h2>\t\t\t\t<\/div>\n\t\t\t\t<\/div>\n\t\t\t\t<div class=\"elementor-element elementor-element-4bb2c56 elementor-widget elementor-widget-heading\" data-id=\"4bb2c56\" data-element_type=\"widget\" data-e-type=\"widget\" data-widget_type=\"heading.default\">\n\t\t\t\t<div class=\"elementor-widget-container\">\n\t\t\t\t\t<h2 class=\"elementor-heading-title elementor-size-default\">\u00c9crivez-nous ou appelez-nous et nous vous mettrons en contact\navec le revendeur Leuenberger+C le plus proche de vous.<\/h2>\t\t\t\t<\/div>\n\t\t\t\t<\/div>\n\t\t\t\t<div class=\"elementor-element elementor-element-7b7e24e elementor-align-center elementor-widget elementor-widget-button\" data-id=\"7b7e24e\" data-element_type=\"widget\" data-e-type=\"widget\" data-widget_type=\"button.default\">\n\t\t\t\t<div class=\"elementor-widget-container\">\n\t\t\t\t\t\t\t\t\t<div class=\"elementor-button-wrapper\">\n\t\t\t\t\t<a class=\"elementor-button elementor-button-link elementor-size-sm\" href=\"https:\/\/leuenbergerspa.com\/fr\/contacts-pour-les-entreprises\/\">\n\t\t\t\t\t\t<span class=\"elementor-button-content-wrapper\">\n\t\t\t\t\t\t\t\t\t<span class=\"elementor-button-text\">NOUS CONTACTER<\/span>\n\t\t\t\t\t<\/span>\n\t\t\t\t\t<\/a>\n\t\t\t\t<\/div>\n\t\t\t\t\t\t\t\t<\/div>\n\t\t\t\t<\/div>\n\t\t\t\t\t<\/div>\n\t\t<\/div>\n\t\t\t\t\t<\/div>\n\t\t<\/section>\n\t\t\t\t<\/div>\n\t\t","protected":false},"excerpt":{"rendered":"<p>Applications SACS \u00c0 PROVISIONS Resicol &#8211; colle \u00e0 froid pour le collage du fond normal comme plastifi\u00e9, collage longitudinal, formage et collages des poign\u00e9es. Hotmelt pour le collage des poign\u00e9es, patch et longitudinal. Produits adapt\u00e9s au contact avec les denr\u00e9es alimentaires. Proche de vous, partout \u00c9crivez-nous ou appelez-nous et nous vous mettrons en contact avec [&hellip;]<\/p>\n","protected":false},"author":1,"featured_media":0,"parent":0,"menu_order":0,"comment_status":"closed","ping_status":"closed","template":"elementor_header_footer","meta":{"_acf_changed":false,"om_disable_all_campaigns":false,"_monsterinsights_skip_tracking":false,"_monsterinsights_sitenote_active":false,"_monsterinsights_sitenote_note":"","_monsterinsights_sitenote_category":0,"footnotes":""},"class_list":["post-4073","page","type-page","status-publish","hentry"],"acf":[],"aioseo_notices":[],"_links":{"self":[{"href":"https:\/\/leuenbergerspa.com\/fr\/wp-json\/wp\/v2\/pages\/4073","targetHints":{"allow":["GET"]}}],"collection":[{"href":"https:\/\/leuenbergerspa.com\/fr\/wp-json\/wp\/v2\/pages"}],"about":[{"href":"https:\/\/leuenbergerspa.com\/fr\/wp-json\/wp\/v2\/types\/page"}],"author":[{"embeddable":true,"href":"https:\/\/leuenbergerspa.com\/fr\/wp-json\/wp\/v2\/users\/1"}],"replies":[{"embeddable":true,"href":"https:\/\/leuenbergerspa.com\/fr\/wp-json\/wp\/v2\/comments?post=4073"}],"version-history":[{"count":0,"href":"https:\/\/leuenbergerspa.com\/fr\/wp-json\/wp\/v2\/pages\/4073\/revisions"}],"wp:attachment":[{"href":"https:\/\/leuenbergerspa.com\/fr\/wp-json\/wp\/v2\/media?parent=4073"}],"curies":[{"name":"wp","href":"https:\/\/api.w.org\/{rel}","templated":true}]}}