{"id":4071,"date":"2024-01-15T11:41:16","date_gmt":"2024-01-15T10:41:16","guid":{"rendered":"https:\/\/leuenbergerspa.com\/sachets-et-sacs-industriels\/"},"modified":"2024-04-29T16:06:26","modified_gmt":"2024-04-29T14:06:26","slug":"sachets-et-sacs-industriels","status":"publish","type":"page","link":"https:\/\/leuenbergerspa.com\/fr\/sachets-et-sacs-industriels\/","title":{"rendered":"SACHETS ET SACS INDUSTRIELS"},"content":{"rendered":"\t\t<div data-elementor-type=\"wp-page\" data-elementor-id=\"4071\" class=\"elementor elementor-4071 elementor-2732\" data-elementor-post-type=\"page\">\n\t\t\t\t\t\t<section class=\"elementor-section elementor-top-section elementor-element elementor-element-fe33558 elementor-section-height-full elementor-section-boxed elementor-section-height-default elementor-section-items-middle\" data-id=\"fe33558\" data-element_type=\"section\" data-e-type=\"section\" data-settings=\"{&quot;background_background&quot;:&quot;classic&quot;}\">\n\t\t\t\t\t\t\t<div class=\"elementor-background-overlay\"><\/div>\n\t\t\t\t\t\t\t<div class=\"elementor-container elementor-column-gap-default\">\n\t\t\t\t\t<div class=\"elementor-column elementor-col-100 elementor-top-column elementor-element elementor-element-1f5c8b2\" data-id=\"1f5c8b2\" data-element_type=\"column\" data-e-type=\"column\">\n\t\t\t<div class=\"elementor-widget-wrap elementor-element-populated\">\n\t\t\t\t\t\t<div class=\"elementor-element elementor-element-5c34a17 elementor-widget elementor-widget-heading\" data-id=\"5c34a17\" data-element_type=\"widget\" data-e-type=\"widget\" data-widget_type=\"heading.default\">\n\t\t\t\t<div class=\"elementor-widget-container\">\n\t\t\t\t\t<h2 class=\"elementor-heading-title elementor-size-default\">Applications<\/h2>\t\t\t\t<\/div>\n\t\t\t\t<\/div>\n\t\t\t\t<div class=\"elementor-element elementor-element-05c3348 elementor-widget-divider--view-line elementor-widget elementor-widget-divider\" data-id=\"05c3348\" data-element_type=\"widget\" data-e-type=\"widget\" data-widget_type=\"divider.default\">\n\t\t\t\t<div class=\"elementor-widget-container\">\n\t\t\t\t\t\t\t<div class=\"elementor-divider\">\n\t\t\t<span class=\"elementor-divider-separator\">\n\t\t\t\t\t\t<\/span>\n\t\t<\/div>\n\t\t\t\t\t\t<\/div>\n\t\t\t\t<\/div>\n\t\t\t\t<div class=\"elementor-element elementor-element-34e1acd elementor-widget elementor-widget-heading\" data-id=\"34e1acd\" data-element_type=\"widget\" data-e-type=\"widget\" data-widget_type=\"heading.default\">\n\t\t\t\t<div class=\"elementor-widget-container\">\n\t\t\t\t\t<h2 class=\"elementor-heading-title elementor-size-default\">SACHETS ET SACS INDUSTRIELS<\/h2>\t\t\t\t<\/div>\n\t\t\t\t<\/div>\n\t\t\t\t\t<\/div>\n\t\t<\/div>\n\t\t\t\t\t<\/div>\n\t\t<\/section>\n\t\t\t\t<section class=\"elementor-section elementor-top-section elementor-element elementor-element-3ae6634 elementor-section-boxed elementor-section-height-default elementor-section-height-default\" data-id=\"3ae6634\" data-element_type=\"section\" data-e-type=\"section\">\n\t\t\t\t\t\t<div class=\"elementor-container elementor-column-gap-default\">\n\t\t\t\t\t<div class=\"elementor-column elementor-col-100 elementor-top-column elementor-element elementor-element-1a11371\" data-id=\"1a11371\" data-element_type=\"column\" data-e-type=\"column\">\n\t\t\t<div class=\"elementor-widget-wrap elementor-element-populated\">\n\t\t\t\t\t\t<div class=\"elementor-element elementor-element-2ac5761 elementor-align-center elementor-widget elementor-widget-lottie\" data-id=\"2ac5761\" data-element_type=\"widget\" data-e-type=\"widget\" data-settings=\"{&quot;source_json&quot;:{&quot;url&quot;:&quot;https:\\\/\\\/leuenbergerspa.com\\\/wp-content\\\/uploads\\\/2023\\\/09\\\/animation_lmq1asgb.json&quot;,&quot;id&quot;:471,&quot;size&quot;:&quot;&quot;,&quot;alt&quot;:&quot;&quot;,&quot;source&quot;:&quot;library&quot;},&quot;link_to&quot;:&quot;custom&quot;,&quot;custom_link&quot;:{&quot;url&quot;:&quot;#un&quot;,&quot;is_external&quot;:&quot;&quot;,&quot;nofollow&quot;:&quot;&quot;,&quot;custom_attributes&quot;:&quot;&quot;},&quot;loop&quot;:&quot;yes&quot;,&quot;source&quot;:&quot;media_file&quot;,&quot;caption_source&quot;:&quot;none&quot;,&quot;trigger&quot;:&quot;arriving_to_viewport&quot;,&quot;viewport&quot;:{&quot;unit&quot;:&quot;%&quot;,&quot;size&quot;:&quot;&quot;,&quot;sizes&quot;:{&quot;start&quot;:0,&quot;end&quot;:100}},&quot;play_speed&quot;:{&quot;unit&quot;:&quot;px&quot;,&quot;size&quot;:1,&quot;sizes&quot;:[]},&quot;start_point&quot;:{&quot;unit&quot;:&quot;%&quot;,&quot;size&quot;:0,&quot;sizes&quot;:[]},&quot;end_point&quot;:{&quot;unit&quot;:&quot;%&quot;,&quot;size&quot;:100,&quot;sizes&quot;:[]},&quot;renderer&quot;:&quot;svg&quot;}\" data-widget_type=\"lottie.default\">\n\t\t\t\t<div class=\"elementor-widget-container\">\n\t\t\t\t\t<a class=\"e-lottie__container__link\" href=\"#un\"><div class=\"e-lottie__container\"><div class=\"e-lottie__animation\"><\/div><\/div><\/a>\t\t\t\t<\/div>\n\t\t\t\t<\/div>\n\t\t\t\t\t<\/div>\n\t\t<\/div>\n\t\t\t\t\t<\/div>\n\t\t<\/section>\n\t\t\t\t<section class=\"elementor-section elementor-top-section elementor-element elementor-element-7a138a0 elementor-section-full_width elementor-section-height-min-height elementor-section-height-default elementor-section-items-middle\" data-id=\"7a138a0\" data-element_type=\"section\" data-e-type=\"section\">\n\t\t\t\t\t\t<div class=\"elementor-container elementor-column-gap-default\">\n\t\t\t\t\t<div class=\"elementor-column elementor-col-100 elementor-top-column elementor-element elementor-element-246d381\" data-id=\"246d381\" data-element_type=\"column\" data-e-type=\"column\">\n\t\t\t<div class=\"elementor-widget-wrap elementor-element-populated\">\n\t\t\t\t\t\t<section class=\"elementor-section elementor-inner-section elementor-element elementor-element-1c90568 elementor-section-full_width elementor-section-height-min-height elementor-section-height-default\" data-id=\"1c90568\" data-element_type=\"section\" data-e-type=\"section\">\n\t\t\t\t\t\t<div class=\"elementor-container elementor-column-gap-default\">\n\t\t\t\t\t<div class=\"elementor-column elementor-col-50 elementor-inner-column elementor-element elementor-element-05fc407\" data-id=\"05fc407\" data-element_type=\"column\" data-e-type=\"column\" data-settings=\"{&quot;background_background&quot;:&quot;classic&quot;}\">\n\t\t\t<div class=\"elementor-widget-wrap elementor-element-populated\">\n\t\t\t\t\t\t<div class=\"elementor-element elementor-element-b7ab395 elementor-view-framed elementor-shape-circle elementor-widget elementor-widget-icon\" data-id=\"b7ab395\" data-element_type=\"widget\" data-e-type=\"widget\" data-widget_type=\"icon.default\">\n\t\t\t\t<div class=\"elementor-widget-container\">\n\t\t\t\t\t\t\t<div class=\"elementor-icon-wrapper\">\n\t\t\t<div class=\"elementor-icon\">\n\t\t\t<svg xmlns=\"http:\/\/www.w3.org\/2000\/svg\" id=\"uuid-7b0d70e9-2d25-4f6e-bb56-e74cb1205fd4\" viewBox=\"0 0 356.2 400\"><defs><style>.uuid-1bae4e75-cd4e-43f2-9400-3a33bb0417a8{fill:#fff;stroke-width:0px;}<\/style><\/defs><g id=\"uuid-59206731-752f-4d8c-a21b-09141628a508\"><path class=\"uuid-1bae4e75-cd4e-43f2-9400-3a33bb0417a8\" d=\"m271.6,0c2.6.7,5.3,1.2,7.8,2.1,22.3,7.6,35,23.3,38.1,46.3,3.3,24.5,5.8,49.1,8.7,73.6,3.3,28.2,6.6,56.3,9.8,84.5,3.2,27.6,6.5,55.3,9.7,82.9,3.3,28,6.6,56.1,9.8,84.1.5,4.3,1,8.5-.4,12.8-2.6,7.8-9.6,13.2-17.8,13.6-1.3,0-2.6,0-3.9,0-103.6,0-207.2-.2-310.8.2-16.4,0-24.4-12.9-22.6-25.6,6.2-43.8,11.3-87.7,16.9-131.5,5.1-39.7,10.2-79.4,15.3-119.2,1.6-12.3,3.1-24.5,4.7-36.8.2-1.6-.1-2.5-1.7-3.4-17.9-9.7-26.1-24.6-23.9-43.3C13.8,22.6,27.9,6.6,45.5,1.7,47.7,1.1,50.1,1.2,52.2,0,125.4,0,198.5,0,271.6,0Zm.7,82.2c-7.5,4.2-14.9,4.5-22.3,4.4-64.9,0-129.9,0-194.8-.2-4.1,0-4.9,1.4-5.3,4.9-2.6,21.4-5.3,42.8-8.1,64.2-4.8,37.7-9.7,75.3-14.5,113-4.6,35.7-9,71.5-13.6,107.2-1,8.2,1,10.7,9.3,10.7,67.3,0,134.6,0,201.8,0,.9,0,1.8,0,2.7,0,3.7-.3,6-2.2,6.7-5.9.3-1.8.5-3.6.8-5.4,3.5-27.6,7.1-55.2,10.6-82.8,3.8-29.5,7.5-59.1,11.3-88.6,3.5-27.5,7-54.9,10.5-82.4,1.6-12.7,3.2-25.5,5-39.1Zm70.3,295c-1-8.3-1.8-15.5-2.6-22.8-3.3-27.9-6.5-55.8-9.8-83.7-3-25.7-6-51.4-9-77.1-3.2-27.8-6.5-55.5-9.7-83.3-2.4-20.3-4.6-40.6-7.1-60.8-1.9-15.2-9.8-26.4-23.9-32.8-19.3-8.7-40.4-.2-47.4,18.7-4.4,12-.4,26.2,9.4,33.4,12.3,9.1,29.2,3.8,32.7-10.2,1.4-5.6-.6-11.3-5.1-14.5-4.8-3.4-9.8-1.4-10.9,4.3-.6,3.2-2.6,5.1-5.8,5.4-3.4.3-5.7-1.3-6.9-4.5-.7-1.8-.6-3.6-.2-5.4,2.2-11.9,17-18.5,28.5-12.6,10.5,5.4,15.7,16.5,13.9,29.3-1.1,7.3-1.9,14.7-2.9,22-3.5,27.6-7.1,55.2-10.6,82.8-3.8,29.5-7.5,59.1-11.3,88.6-3.5,27.6-7.1,55.2-10.6,82.8-1.7,13-3.3,26-5,39.1,1.6-.1,2.5-1.2,3.5-2,12.1-9.4,24.2-18.9,36.4-28.2,2.3-1.8,3.2-3.6,3.2-6.5,0-58.7,0-117.4,0-176.1,0-1.4,0-2.9.1-4.3.6-3.4,3.6-5.9,6.9-5.7,3.4.2,6,2.8,6.2,6.3.1,1.4,0,2.9,0,4.3,0,58.4,0,116.9,0,175.3,0,3.1.9,5.3,3.3,7.3,7,5.9,13.7,12.1,20.5,18.1,4.5,4,9.1,8.1,14.4,12.7ZM231.4,13.5c-1.1,0-1.7-.2-2.3-.2-57.3,0-114.5,0-171.8,0-14.4,0-27.4,10.1-31.4,23.9-5,17.1,5.8,36.6,26.8,36.3,56.7-.6,113.5-.2,170.2-.2,1.4,0,2.8.4,4.1-.4-13.2-25.5-12.3-39.8,4.3-59.5Zm26.4,372.7h74.7c-11.5-10.2-22.5-20-33.4-29.7-1.1-1-1.8-1-3-.1-12.6,9.8-25.2,19.6-38.3,29.9Z\"><\/path><path class=\"uuid-1bae4e75-cd4e-43f2-9400-3a33bb0417a8\" d=\"m63.1,373.2c-8.7,0-17.4,0-26.1,0-6.6,0-9-2.7-8.2-9.2,1.8-14.6,3.7-29.1,5.5-43.7.6-4.6,3.4-7,7.5-6.6,4,.4,6.3,3.6,5.7,8.2-1.3,11.1-2.8,22.2-4.3,33.2-.6,4.7-.7,4.7,4.1,4.7,14.2,0,28.3,0,42.5,0,5.2,0,8.3,2.6,8.3,6.7,0,4.1-3.2,6.6-8.4,6.6-8.8,0-17.7,0-26.5,0Z\"><\/path><\/g><\/svg>\t\t\t<\/div>\n\t\t<\/div>\n\t\t\t\t\t\t<\/div>\n\t\t\t\t<\/div>\n\t\t\t\t\t<\/div>\n\t\t<\/div>\n\t\t\t\t<div class=\"elementor-column elementor-col-50 elementor-inner-column elementor-element elementor-element-ccdf9ef\" data-id=\"ccdf9ef\" data-element_type=\"column\" data-e-type=\"column\" data-settings=\"{&quot;background_background&quot;:&quot;classic&quot;}\">\n\t\t\t<div class=\"elementor-widget-wrap elementor-element-populated\">\n\t\t\t\t\t\t<div class=\"elementor-element elementor-element-580c7e4 elementor-widget elementor-widget-text-editor\" data-id=\"580c7e4\" data-element_type=\"widget\" data-e-type=\"widget\" data-widget_type=\"text-editor.default\">\n\t\t\t\t<div class=\"elementor-widget-container\">\n\t\t\t\t\t\t\t\t\t<p><span style=\"text-decoration: underline;\"><strong><i>Resicol<\/i><\/strong><\/span><span style=\"font-weight: 400;\">&#8211; colle \u00e0 froid pour<\/span> <b>le collage de fond, longitudinal<\/b> <span style=\"font-weight: 400;\">de sachets pour aliments en papiers normaux, trait\u00e9s anti-graisse, aluminis\u00e9s, adh\u00e9sifs r\u00e9sistants aux hautes temp\u00e9ratures et destin\u00e9s \u00e0 entrer en contact avec les denr\u00e9es alimentaires.<\/span><\/p>\n<p><span style=\"text-decoration: underline;\"><strong><i>Hotmelt <\/i><\/strong><\/span><span style=\"font-weight: 400;\">&#8211; pour fen\u00eatres, fermeture de sachets, thermosoudage.<\/span><\/p>\n<p><span style=\"text-decoration: underline;\"><strong><i>Resicol<\/i><\/strong><\/span> <span style=\"font-weight: 400;\">&#8211; pour collage free film et thermosoudage d\u2019ouverture de sac pour sacs industriels \u00e0 haute contenance, amidons en poudre pour collage de fond et longitudinal \u00e0 grande vitesse avec syst\u00e8me \u00e0 disque ou encollage num\u00e9rique.<\/span><\/p>\n\t\t\t\t\t\t\t\t<\/div>\n\t\t\t\t<\/div>\n\t\t\t\t\t<\/div>\n\t\t<\/div>\n\t\t\t\t\t<\/div>\n\t\t<\/section>\n\t\t\t\t\t<\/div>\n\t\t<\/div>\n\t\t\t\t\t<\/div>\n\t\t<\/section>\n\t\t\t\t<section class=\"elementor-section elementor-top-section elementor-element elementor-element-27be1b6 elementor-section-full_width elementor-section-height-default elementor-section-height-default\" data-id=\"27be1b6\" data-element_type=\"section\" data-e-type=\"section\">\n\t\t\t\t\t\t<div class=\"elementor-container elementor-column-gap-default\">\n\t\t\t\t\t<div class=\"elementor-column elementor-col-100 elementor-top-column elementor-element elementor-element-c604d65\" data-id=\"c604d65\" data-element_type=\"column\" data-e-type=\"column\">\n\t\t\t<div class=\"elementor-widget-wrap elementor-element-populated\">\n\t\t\t\t\t\t<div class=\"elementor-element elementor-element-8b10c4d elementor-widget elementor-widget-image-carousel\" data-id=\"8b10c4d\" data-element_type=\"widget\" data-e-type=\"widget\" data-settings=\"{&quot;slides_to_show&quot;:&quot;5&quot;,&quot;slides_to_scroll&quot;:&quot;1&quot;,&quot;navigation&quot;:&quot;none&quot;,&quot;lazyload&quot;:&quot;yes&quot;,&quot;pause_on_hover&quot;:&quot;no&quot;,&quot;pause_on_interaction&quot;:&quot;no&quot;,&quot;autoplay_speed&quot;:8000,&quot;speed&quot;:800,&quot;image_spacing_custom&quot;:{&quot;unit&quot;:&quot;px&quot;,&quot;size&quot;:0,&quot;sizes&quot;:[]},&quot;autoplay&quot;:&quot;yes&quot;,&quot;infinite&quot;:&quot;yes&quot;,&quot;image_spacing_custom_tablet&quot;:{&quot;unit&quot;:&quot;px&quot;,&quot;size&quot;:&quot;&quot;,&quot;sizes&quot;:[]},&quot;image_spacing_custom_mobile&quot;:{&quot;unit&quot;:&quot;px&quot;,&quot;size&quot;:&quot;&quot;,&quot;sizes&quot;:[]}}\" data-widget_type=\"image-carousel.default\">\n\t\t\t\t<div class=\"elementor-widget-container\">\n\t\t\t\t\t\t\t<div class=\"elementor-image-carousel-wrapper swiper\" role=\"region\" aria-roledescription=\"carousel\" aria-label=\"Carrousel d\u2019images\" dir=\"ltr\">\n\t\t\t<div class=\"elementor-image-carousel swiper-wrapper swiper-image-stretch\" aria-live=\"off\">\n\t\t\t\t\t\t\t\t<div class=\"swiper-slide\" role=\"group\" aria-roledescription=\"slide\" aria-label=\"1 sur 6\"><figure class=\"swiper-slide-inner\"><img class=\"swiper-slide-image swiper-lazy\" data-src=\"https:\/\/leuenbergerspa.com\/wp-content\/uploads\/2024\/01\/daryl-han-2NtP052cMg0-unsplash-scaled-e1706104831281.jpg\" alt=\"daryl-han-2NtP052cMg0-unsplash\" \/><div class=\"swiper-lazy-preloader\"><\/div><\/figure><\/div><div class=\"swiper-slide\" role=\"group\" aria-roledescription=\"slide\" aria-label=\"2 sur 6\"><figure class=\"swiper-slide-inner\"><img class=\"swiper-slide-image swiper-lazy\" data-src=\"https:\/\/leuenbergerspa.com\/wp-content\/uploads\/2023\/12\/pexels-anna-tukhfatullina-food-photographerstylist-2680601.webp\" alt=\"pexels-anna-tukhfatullina-food-photographerstylist-2680601\" \/><div class=\"swiper-lazy-preloader\"><\/div><\/figure><\/div><div class=\"swiper-slide\" role=\"group\" aria-roledescription=\"slide\" aria-label=\"3 sur 6\"><figure class=\"swiper-slide-inner\"><img class=\"swiper-slide-image swiper-lazy\" data-src=\"https:\/\/leuenbergerspa.com\/wp-content\/uploads\/2023\/12\/pexels-polina-tankilevitch-4109273.webp\" alt=\"pexels-polina-tankilevitch-4109273\" \/><div class=\"swiper-lazy-preloader\"><\/div><\/figure><\/div><div class=\"swiper-slide\" role=\"group\" aria-roledescription=\"slide\" aria-label=\"4 sur 6\"><figure class=\"swiper-slide-inner\"><img class=\"swiper-slide-image swiper-lazy\" data-src=\"https:\/\/leuenbergerspa.com\/wp-content\/uploads\/2024\/01\/pexels-rdne-stock-project-6529912-scaled-e1706104534827.webp\" alt=\"pexels-rdne-stock-project-6529912\" \/><div class=\"swiper-lazy-preloader\"><\/div><\/figure><\/div><div class=\"swiper-slide\" role=\"group\" aria-roledescription=\"slide\" aria-label=\"5 sur 6\"><figure class=\"swiper-slide-inner\"><img class=\"swiper-slide-image swiper-lazy\" data-src=\"https:\/\/leuenbergerspa.com\/wp-content\/uploads\/2024\/01\/pexels-pnw-production-8490295-scaled-e1706104701950.jpg\" alt=\"pexels-pnw-production-8490295\" \/><div class=\"swiper-lazy-preloader\"><\/div><\/figure><\/div><div class=\"swiper-slide\" role=\"group\" aria-roledescription=\"slide\" aria-label=\"6 sur 6\"><figure class=\"swiper-slide-inner\"><img class=\"swiper-slide-image swiper-lazy\" data-src=\"https:\/\/leuenbergerspa.com\/wp-content\/uploads\/2024\/01\/mads-eneqvist-MZXQJi4UoNY-unsplash-scaled-e1706104785435.jpg\" alt=\"mads-eneqvist-MZXQJi4UoNY-unsplash\" \/><div class=\"swiper-lazy-preloader\"><\/div><\/figure><\/div>\t\t\t<\/div>\n\t\t\t\t\t\t\t\n\t\t\t\t\t\t\t\t\t<\/div>\n\t\t\t\t\t\t<\/div>\n\t\t\t\t<\/div>\n\t\t\t\t\t<\/div>\n\t\t<\/div>\n\t\t\t\t\t<\/div>\n\t\t<\/section>\n\t\t\t\t<section class=\"elementor-section elementor-top-section elementor-element elementor-element-39c6bed elementor-section-boxed elementor-section-height-default elementor-section-height-default\" data-id=\"39c6bed\" data-element_type=\"section\" data-e-type=\"section\" data-settings=\"{&quot;background_background&quot;:&quot;classic&quot;}\">\n\t\t\t\t\t\t<div class=\"elementor-container elementor-column-gap-default\">\n\t\t\t\t\t<div class=\"elementor-column elementor-col-100 elementor-top-column elementor-element elementor-element-4820847\" data-id=\"4820847\" data-element_type=\"column\" data-e-type=\"column\">\n\t\t\t<div class=\"elementor-widget-wrap elementor-element-populated\">\n\t\t\t\t\t\t<div class=\"elementor-element elementor-element-dc7a5d5 elementor-align-center elementor-widget elementor-widget-lottie\" data-id=\"dc7a5d5\" data-element_type=\"widget\" data-e-type=\"widget\" data-settings=\"{&quot;source&quot;:&quot;external_url&quot;,&quot;source_external_url&quot;:{&quot;url&quot;:&quot;https:\\\/\\\/assets5.lottiefiles.com\\\/packages\\\/lf20_3eFJgudMVY.json&quot;,&quot;is_external&quot;:&quot;&quot;,&quot;nofollow&quot;:&quot;&quot;,&quot;custom_attributes&quot;:&quot;&quot;},&quot;loop&quot;:&quot;yes&quot;,&quot;lazyload&quot;:&quot;yes&quot;,&quot;link_to&quot;:&quot;none&quot;,&quot;trigger&quot;:&quot;arriving_to_viewport&quot;,&quot;viewport&quot;:{&quot;unit&quot;:&quot;%&quot;,&quot;size&quot;:&quot;&quot;,&quot;sizes&quot;:{&quot;start&quot;:0,&quot;end&quot;:100}},&quot;play_speed&quot;:{&quot;unit&quot;:&quot;px&quot;,&quot;size&quot;:1,&quot;sizes&quot;:[]},&quot;start_point&quot;:{&quot;unit&quot;:&quot;%&quot;,&quot;size&quot;:0,&quot;sizes&quot;:[]},&quot;end_point&quot;:{&quot;unit&quot;:&quot;%&quot;,&quot;size&quot;:100,&quot;sizes&quot;:[]},&quot;renderer&quot;:&quot;svg&quot;}\" data-widget_type=\"lottie.default\">\n\t\t\t\t<div class=\"elementor-widget-container\">\n\t\t\t\t\t<div class=\"e-lottie__container\"><div class=\"e-lottie__animation\"><\/div><\/div>\t\t\t\t<\/div>\n\t\t\t\t<\/div>\n\t\t\t\t<div class=\"elementor-element elementor-element-472217a elementor-widget elementor-widget-heading\" data-id=\"472217a\" data-element_type=\"widget\" data-e-type=\"widget\" data-widget_type=\"heading.default\">\n\t\t\t\t<div class=\"elementor-widget-container\">\n\t\t\t\t\t<h2 class=\"elementor-heading-title elementor-size-default\">Proche de vous, partout<\/h2>\t\t\t\t<\/div>\n\t\t\t\t<\/div>\n\t\t\t\t<div class=\"elementor-element elementor-element-83658e3 elementor-widget elementor-widget-heading\" data-id=\"83658e3\" data-element_type=\"widget\" data-e-type=\"widget\" data-widget_type=\"heading.default\">\n\t\t\t\t<div class=\"elementor-widget-container\">\n\t\t\t\t\t<h2 class=\"elementor-heading-title elementor-size-default\">\u00c9crivez-nous ou appelez-nous et nous vous mettrons en contact\navec le revendeur Leuenberger+C le plus proche de vous.<\/h2>\t\t\t\t<\/div>\n\t\t\t\t<\/div>\n\t\t\t\t<div class=\"elementor-element elementor-element-63de684 elementor-align-center elementor-widget elementor-widget-button\" data-id=\"63de684\" data-element_type=\"widget\" data-e-type=\"widget\" data-widget_type=\"button.default\">\n\t\t\t\t<div class=\"elementor-widget-container\">\n\t\t\t\t\t\t\t\t\t<div class=\"elementor-button-wrapper\">\n\t\t\t\t\t<a class=\"elementor-button elementor-button-link elementor-size-sm\" href=\"https:\/\/leuenbergerspa.com\/fr\/contacts-pour-les-entreprises\/\">\n\t\t\t\t\t\t<span class=\"elementor-button-content-wrapper\">\n\t\t\t\t\t\t\t\t\t<span class=\"elementor-button-text\">NOUS CONTACTER<\/span>\n\t\t\t\t\t<\/span>\n\t\t\t\t\t<\/a>\n\t\t\t\t<\/div>\n\t\t\t\t\t\t\t\t<\/div>\n\t\t\t\t<\/div>\n\t\t\t\t\t<\/div>\n\t\t<\/div>\n\t\t\t\t\t<\/div>\n\t\t<\/section>\n\t\t\t\t<\/div>\n\t\t","protected":false},"excerpt":{"rendered":"<p>Applications SACHETS ET SACS INDUSTRIELS Resicol&#8211; colle \u00e0 froid pour le collage de fond, longitudinal de sachets pour aliments en papiers normaux, trait\u00e9s anti-graisse, aluminis\u00e9s, adh\u00e9sifs r\u00e9sistants aux hautes temp\u00e9ratures et destin\u00e9s \u00e0 entrer en contact avec les denr\u00e9es alimentaires. Hotmelt &#8211; pour fen\u00eatres, fermeture de sachets, thermosoudage. Resicol &#8211; pour collage free film et [&hellip;]<\/p>\n","protected":false},"author":1,"featured_media":0,"parent":0,"menu_order":0,"comment_status":"closed","ping_status":"closed","template":"elementor_header_footer","meta":{"_acf_changed":false,"om_disable_all_campaigns":false,"_monsterinsights_skip_tracking":false,"_monsterinsights_sitenote_active":false,"_monsterinsights_sitenote_note":"","_monsterinsights_sitenote_category":0,"footnotes":""},"class_list":["post-4071","page","type-page","status-publish","hentry"],"acf":[],"aioseo_notices":[],"_links":{"self":[{"href":"https:\/\/leuenbergerspa.com\/fr\/wp-json\/wp\/v2\/pages\/4071","targetHints":{"allow":["GET"]}}],"collection":[{"href":"https:\/\/leuenbergerspa.com\/fr\/wp-json\/wp\/v2\/pages"}],"about":[{"href":"https:\/\/leuenbergerspa.com\/fr\/wp-json\/wp\/v2\/types\/page"}],"author":[{"embeddable":true,"href":"https:\/\/leuenbergerspa.com\/fr\/wp-json\/wp\/v2\/users\/1"}],"replies":[{"embeddable":true,"href":"https:\/\/leuenbergerspa.com\/fr\/wp-json\/wp\/v2\/comments?post=4071"}],"version-history":[{"count":0,"href":"https:\/\/leuenbergerspa.com\/fr\/wp-json\/wp\/v2\/pages\/4071\/revisions"}],"wp:attachment":[{"href":"https:\/\/leuenbergerspa.com\/fr\/wp-json\/wp\/v2\/media?parent=4071"}],"curies":[{"name":"wp","href":"https:\/\/api.w.org\/{rel}","templated":true}]}}