{"id":4093,"date":"2024-01-15T12:28:48","date_gmt":"2024-01-15T11:28:48","guid":{"rendered":"https:\/\/leuenbergerspa.com\/comercio-electrnico-y-sobres\/"},"modified":"2024-06-03T12:53:36","modified_gmt":"2024-06-03T10:53:36","slug":"comercio-electrnico-y-sobres","status":"publish","type":"page","link":"https:\/\/leuenbergerspa.com\/es\/comercio-electrnico-y-sobres\/","title":{"rendered":"COMERCIO ELECTR\u00d3NICO Y SOBRES"},"content":{"rendered":"\t\t<div data-elementor-type=\"wp-page\" data-elementor-id=\"4093\" class=\"elementor elementor-4093 elementor-2761\" data-elementor-post-type=\"page\">\n\t\t\t\t\t\t<section class=\"elementor-section elementor-top-section elementor-element elementor-element-3002130 elementor-section-height-full elementor-section-boxed elementor-section-height-default elementor-section-items-middle\" data-id=\"3002130\" data-element_type=\"section\" data-e-type=\"section\" data-settings=\"{&quot;background_background&quot;:&quot;classic&quot;}\">\n\t\t\t\t\t\t\t<div class=\"elementor-background-overlay\"><\/div>\n\t\t\t\t\t\t\t<div class=\"elementor-container elementor-column-gap-default\">\n\t\t\t\t\t<div class=\"elementor-column elementor-col-100 elementor-top-column elementor-element elementor-element-67427dc\" data-id=\"67427dc\" data-element_type=\"column\" data-e-type=\"column\">\n\t\t\t<div class=\"elementor-widget-wrap elementor-element-populated\">\n\t\t\t\t\t\t<div class=\"elementor-element elementor-element-57023a0 elementor-widget elementor-widget-heading\" data-id=\"57023a0\" data-element_type=\"widget\" data-e-type=\"widget\" data-widget_type=\"heading.default\">\n\t\t\t\t<div class=\"elementor-widget-container\">\n\t\t\t\t\t<h2 class=\"elementor-heading-title elementor-size-default\">Aplicaciones<\/h2>\t\t\t\t<\/div>\n\t\t\t\t<\/div>\n\t\t\t\t<div class=\"elementor-element elementor-element-3dc9521 elementor-widget-divider--view-line elementor-widget elementor-widget-divider\" data-id=\"3dc9521\" data-element_type=\"widget\" data-e-type=\"widget\" data-widget_type=\"divider.default\">\n\t\t\t\t<div class=\"elementor-widget-container\">\n\t\t\t\t\t\t\t<div class=\"elementor-divider\">\n\t\t\t<span class=\"elementor-divider-separator\">\n\t\t\t\t\t\t<\/span>\n\t\t<\/div>\n\t\t\t\t\t\t<\/div>\n\t\t\t\t<\/div>\n\t\t\t\t<div class=\"elementor-element elementor-element-932299f elementor-widget elementor-widget-heading\" data-id=\"932299f\" data-element_type=\"widget\" data-e-type=\"widget\" data-widget_type=\"heading.default\">\n\t\t\t\t<div class=\"elementor-widget-container\">\n\t\t\t\t\t<h2 class=\"elementor-heading-title elementor-size-default\">COMERCIO ELECTR\u00d3NICO<br>Y SOBRES<\/h2>\t\t\t\t<\/div>\n\t\t\t\t<\/div>\n\t\t\t\t\t<\/div>\n\t\t<\/div>\n\t\t\t\t\t<\/div>\n\t\t<\/section>\n\t\t\t\t<section class=\"elementor-section elementor-top-section elementor-element elementor-element-f8ab678 elementor-section-boxed elementor-section-height-default elementor-section-height-default\" data-id=\"f8ab678\" data-element_type=\"section\" data-e-type=\"section\">\n\t\t\t\t\t\t<div class=\"elementor-container elementor-column-gap-default\">\n\t\t\t\t\t<div class=\"elementor-column elementor-col-100 elementor-top-column elementor-element elementor-element-24e44a1\" data-id=\"24e44a1\" data-element_type=\"column\" data-e-type=\"column\">\n\t\t\t<div class=\"elementor-widget-wrap elementor-element-populated\">\n\t\t\t\t\t\t<div class=\"elementor-element elementor-element-f5edde5 elementor-align-center elementor-widget elementor-widget-lottie\" data-id=\"f5edde5\" data-element_type=\"widget\" data-e-type=\"widget\" data-settings=\"{&quot;source_json&quot;:{&quot;url&quot;:&quot;https:\\\/\\\/leuenbergerspa.com\\\/wp-content\\\/uploads\\\/2023\\\/09\\\/animation_lmq1asgb.json&quot;,&quot;id&quot;:471,&quot;size&quot;:&quot;&quot;,&quot;alt&quot;:&quot;&quot;,&quot;source&quot;:&quot;library&quot;},&quot;link_to&quot;:&quot;custom&quot;,&quot;custom_link&quot;:{&quot;url&quot;:&quot;#one&quot;,&quot;is_external&quot;:&quot;&quot;,&quot;nofollow&quot;:&quot;&quot;,&quot;custom_attributes&quot;:&quot;&quot;},&quot;loop&quot;:&quot;yes&quot;,&quot;source&quot;:&quot;media_file&quot;,&quot;caption_source&quot;:&quot;none&quot;,&quot;trigger&quot;:&quot;arriving_to_viewport&quot;,&quot;viewport&quot;:{&quot;unit&quot;:&quot;%&quot;,&quot;size&quot;:&quot;&quot;,&quot;sizes&quot;:{&quot;start&quot;:0,&quot;end&quot;:100}},&quot;play_speed&quot;:{&quot;unit&quot;:&quot;px&quot;,&quot;size&quot;:1,&quot;sizes&quot;:[]},&quot;start_point&quot;:{&quot;unit&quot;:&quot;%&quot;,&quot;size&quot;:0,&quot;sizes&quot;:[]},&quot;end_point&quot;:{&quot;unit&quot;:&quot;%&quot;,&quot;size&quot;:100,&quot;sizes&quot;:[]},&quot;renderer&quot;:&quot;svg&quot;}\" data-widget_type=\"lottie.default\">\n\t\t\t\t<div class=\"elementor-widget-container\">\n\t\t\t\t\t<a class=\"e-lottie__container__link\" href=\"#one\"><div class=\"e-lottie__container\"><div class=\"e-lottie__animation\"><\/div><\/div><\/a>\t\t\t\t<\/div>\n\t\t\t\t<\/div>\n\t\t\t\t\t<\/div>\n\t\t<\/div>\n\t\t\t\t\t<\/div>\n\t\t<\/section>\n\t\t\t\t<section class=\"elementor-section elementor-top-section elementor-element elementor-element-b30028f elementor-section-full_width elementor-section-height-min-height elementor-section-height-default elementor-section-items-middle\" data-id=\"b30028f\" data-element_type=\"section\" data-e-type=\"section\">\n\t\t\t\t\t\t<div class=\"elementor-container elementor-column-gap-default\">\n\t\t\t\t\t<div class=\"elementor-column elementor-col-100 elementor-top-column elementor-element elementor-element-685bdef\" data-id=\"685bdef\" data-element_type=\"column\" data-e-type=\"column\">\n\t\t\t<div class=\"elementor-widget-wrap elementor-element-populated\">\n\t\t\t\t\t\t<section class=\"elementor-section elementor-inner-section elementor-element elementor-element-a1c614f elementor-section-full_width elementor-section-height-min-height elementor-section-height-default\" data-id=\"a1c614f\" data-element_type=\"section\" data-e-type=\"section\">\n\t\t\t\t\t\t<div class=\"elementor-container elementor-column-gap-default\">\n\t\t\t\t\t<div class=\"elementor-column elementor-col-50 elementor-inner-column elementor-element elementor-element-6658995\" data-id=\"6658995\" data-element_type=\"column\" data-e-type=\"column\" data-settings=\"{&quot;background_background&quot;:&quot;classic&quot;}\">\n\t\t\t<div class=\"elementor-widget-wrap elementor-element-populated\">\n\t\t\t\t\t\t<div class=\"elementor-element elementor-element-9c8e5ab elementor-view-framed elementor-shape-circle elementor-widget elementor-widget-icon\" data-id=\"9c8e5ab\" data-element_type=\"widget\" data-e-type=\"widget\" data-widget_type=\"icon.default\">\n\t\t\t\t<div class=\"elementor-widget-container\">\n\t\t\t\t\t\t\t<div class=\"elementor-icon-wrapper\">\n\t\t\t<div class=\"elementor-icon\">\n\t\t\t<svg xmlns=\"http:\/\/www.w3.org\/2000\/svg\" id=\"uuid-b70b9e69-8e1f-4933-ab5c-6ff4b1049597\" viewBox=\"0 0 308.6 400\"><defs><style>.uuid-4a149fd0-10b6-478d-b65a-e387447c4864{fill:#fff;stroke-width:0px;}<\/style><\/defs><g id=\"uuid-8ba7c498-39b2-4527-81b0-7588c2e6fa62\"><path class=\"uuid-4a149fd0-10b6-478d-b65a-e387447c4864\" d=\"m291.8,0c.3.2.7.4,1,.5,10.6,3.2,15.7,9.8,15.7,20.9,0,14.6,0,29.2,0,43.7,0,103.8,0,207.5,0,311.3,0,3.4,0,6.8-1.1,10-2.7,7.8-9.7,13.1-17.9,13.5-1.3,0-2.6,0-3.9,0-87.6,0-175.2,0-262.8,0-15.1,0-22.9-7.7-22.9-22.8C0,259.6,0,142.1,0,24.5,0,10,3.5,4.9,16.8,0h125c2.4,2.1,4.7,4.2,3.3,7.9-1.4,3.6-4.4,3.9-7.7,3.8-38.1,0-76.3,0-114.4,0-8.5,0-11.2,2.6-11.1,11.2,0,16.8-.5,33.6.3,50.4,1.4,31,26.3,54.6,57.3,55.4,2.7,0,5.5,0,8.2,0,3.7.1,6.2,2.3,6.3,5.6.1,3.2-2.3,5.9-5.9,6.1-24.6,1.2-45.6-6.4-61.8-25.6-1.2-1.4-2.3-2.8-3.4-4.3,0,0-.2,0-.5,0-.9,1.2-.5,2.7-.5,4,0,87.4,0,174.7,0,262.1,0,9.1,2.5,11.5,11.6,11.5,87.4,0,174.7,0,262.1,0,8.9,0,11.4-2.5,11.4-11.3,0-87.5,0-175,0-262.5,0-1.3.3-2.6-.4-3.8-1.1-.2-1.2.8-1.7,1.3-14.7,19-34.1,28.4-58,28.5-17.3,0-34.6.1-51.9,0-3.6,0-4.8.7-4.8,4.6.2,22.1.2,44.3,0,66.4,0,10.7-7.3,20-17.4,23-10.4,3.1-21.5-.8-27.5-9.6-3-4.4-4.4-9.3-4.3-14.7,0-21.6-.1-43.2.1-64.8,0-4.2-1.2-4.9-5-4.8-6.6.3-13.3.1-19.9,0-4.9,0-7.4-2.3-7.3-6.2.1-3.7,2.5-5.5,7.4-5.5,7.2,0,14.3-.1,21.5,0,2.6,0,3.3-.7,3.3-3.3-.1-15.1-.1-30.2,0-45.3.1-11.9,9.1-22.2,20.7-23.9,12.1-1.8,23.4,5.1,27.3,16.6,1,3,1.3,6.1,1.3,9.2,0,14.3,0,28.6,0,43,0,2.9.7,3.7,3.7,3.7,18.1-.1,36.2,0,54.3-.1,32.7-.3,57.9-24.9,58.7-57.6.5-16.7.2-33.3,0-50,0-6.5-3.3-9.4-10.2-9.4-38.3,0-76.6,0-114.8,0-1,0-2.1,0-3.1,0-3.4.2-6.3-.5-7.4-4.2C160.2,3.9,162.3,1.6,165.2,0,207.4,0,249.6,0,291.8,0Zm-123.4,189.7c0-16.1,0-31.6,0-47.1,0-2.2-1.3-2.1-2.8-2.1-6.6,0-13.3.1-19.9,0-2.6,0-3.3.8-3.2,3.3.1,14.6,0,29.2,0,43.7,0,.6-.2,1.3.8,1.8,8-4.3,16.2-4.3,25,.4Zm0-87.8c-8.3,4.3-16.1,4.8-23.9.9-1.7-.8-2-.1-2,1.4,0,7.4,0,14.8,0,22.2,0,1.9.7,2.5,2.5,2.4,7,0,14,0,21,0,1.6,0,2.4-.4,2.4-2.2,0-8,0-16.1,0-24.8Zm-13-34c-7.2,0-12.8,5.7-12.8,12.9,0,7.1,5.7,12.9,12.8,13,7.2,0,13.1-5.9,13-13.1,0-7.1-5.8-12.7-13-12.7Zm13,143c0-7.1-5.7-12.9-12.8-13-7.2,0-13.1,5.9-13,13.2,0,7.1,5.9,12.8,13,12.7,7.1,0,12.8-5.8,12.8-12.9Z\"><\/path><path class=\"uuid-4a149fd0-10b6-478d-b65a-e387447c4864\" d=\"m66.7,324.4c-6,0-12,0-17.9,0-4.3,0-6.9-2.2-6.9-5.7,0-3.5,2.6-5.9,6.8-6,12.2,0,24.4,0,36.6,0,4.3,0,6.7,2.4,6.6,6,0,3.6-2.5,5.6-6.9,5.7-6.1,0-12.2,0-18.3,0Z\"><\/path><path class=\"uuid-4a149fd0-10b6-478d-b65a-e387447c4864\" d=\"m66.9,359.7c-6,0-12,0-17.9,0-4.6,0-7.2-2.3-7.1-5.9,0-3.5,2.6-5.7,6.9-5.7,12.1,0,24.2,0,36.2,0,4.5,0,6.8,2.2,6.9,5.8,0,3.8-2.4,5.8-7.1,5.9-6,0-12,0-17.9,0Z\"><\/path><\/g><\/svg>\t\t\t<\/div>\n\t\t<\/div>\n\t\t\t\t\t\t<\/div>\n\t\t\t\t<\/div>\n\t\t\t\t\t<\/div>\n\t\t<\/div>\n\t\t\t\t<div class=\"elementor-column elementor-col-50 elementor-inner-column elementor-element elementor-element-03409ff\" data-id=\"03409ff\" data-element_type=\"column\" data-e-type=\"column\" data-settings=\"{&quot;background_background&quot;:&quot;classic&quot;}\">\n\t\t\t<div class=\"elementor-widget-wrap elementor-element-populated\">\n\t\t\t\t\t\t<div class=\"elementor-element elementor-element-acfea46 elementor-widget elementor-widget-text-editor\" data-id=\"acfea46\" data-element_type=\"widget\" data-e-type=\"widget\" data-widget_type=\"text-editor.default\">\n\t\t\t\t<div class=\"elementor-widget-container\">\n\t\t\t\t\t\t\t\t\t<p><span style=\"text-decoration: underline;\"><strong><i>Termomelt FP<\/i><\/strong><\/span><span style=\"font-weight: 400;\"> &#8211; adhesivos t\u00e9cnicos PSA de alta adhesi\u00f3n y alto tack inicial para diferentes tipos de sobres (comercio electr\u00f3nico) tanto de PE como de papel y cart\u00f3n. Embalaje ecol\u00f3gico Free-pack.<\/span><\/p>\n<p><span style=\"text-decoration: underline;\"><strong><i>Termomelt Ecotop <\/i><\/strong><\/span><span style=\"font-weight: 400;\">&#8211; adhesivos de alto rendimiento para el cierre de cartones.<\/span><\/p>\n<p><span style=\"text-decoration: underline;\"><strong><i>Resicol U <\/i><\/strong><\/span><span style=\"font-weight: 400;\">&#8211; adhesivos t\u00e9cnicos en fr\u00edo para la producci\u00f3n de sobres en sistemas autom\u00e1ticos de alta velocidad, encolado de solapa de sobres, autoadhesivas y pegado de ventanas.<\/span><\/p>\n\t\t\t\t\t\t\t\t<\/div>\n\t\t\t\t<\/div>\n\t\t\t\t\t<\/div>\n\t\t<\/div>\n\t\t\t\t\t<\/div>\n\t\t<\/section>\n\t\t\t\t\t<\/div>\n\t\t<\/div>\n\t\t\t\t\t<\/div>\n\t\t<\/section>\n\t\t\t\t<section class=\"elementor-section elementor-top-section elementor-element elementor-element-8e4fce3 elementor-section-full_width elementor-section-height-default elementor-section-height-default\" data-id=\"8e4fce3\" data-element_type=\"section\" data-e-type=\"section\">\n\t\t\t\t\t\t<div class=\"elementor-container elementor-column-gap-default\">\n\t\t\t\t\t<div class=\"elementor-column elementor-col-100 elementor-top-column elementor-element elementor-element-09a8d17\" data-id=\"09a8d17\" data-element_type=\"column\" data-e-type=\"column\">\n\t\t\t<div class=\"elementor-widget-wrap elementor-element-populated\">\n\t\t\t\t\t\t<div class=\"elementor-element elementor-element-96300c2 elementor-widget elementor-widget-image-carousel\" data-id=\"96300c2\" data-element_type=\"widget\" data-e-type=\"widget\" data-settings=\"{&quot;slides_to_show&quot;:&quot;5&quot;,&quot;slides_to_scroll&quot;:&quot;1&quot;,&quot;navigation&quot;:&quot;none&quot;,&quot;lazyload&quot;:&quot;yes&quot;,&quot;pause_on_hover&quot;:&quot;no&quot;,&quot;pause_on_interaction&quot;:&quot;no&quot;,&quot;autoplay_speed&quot;:8000,&quot;speed&quot;:800,&quot;image_spacing_custom&quot;:{&quot;unit&quot;:&quot;px&quot;,&quot;size&quot;:0,&quot;sizes&quot;:[]},&quot;autoplay&quot;:&quot;yes&quot;,&quot;infinite&quot;:&quot;yes&quot;,&quot;image_spacing_custom_tablet&quot;:{&quot;unit&quot;:&quot;px&quot;,&quot;size&quot;:&quot;&quot;,&quot;sizes&quot;:[]},&quot;image_spacing_custom_mobile&quot;:{&quot;unit&quot;:&quot;px&quot;,&quot;size&quot;:&quot;&quot;,&quot;sizes&quot;:[]}}\" data-widget_type=\"image-carousel.default\">\n\t\t\t\t<div class=\"elementor-widget-container\">\n\t\t\t\t\t\t\t<div class=\"elementor-image-carousel-wrapper swiper\" role=\"region\" aria-roledescription=\"carousel\" aria-label=\"Carrusel de im\u00e1genes\" dir=\"ltr\">\n\t\t\t<div class=\"elementor-image-carousel swiper-wrapper swiper-image-stretch\" aria-live=\"off\">\n\t\t\t\t\t\t\t\t<div class=\"swiper-slide\" role=\"group\" aria-roledescription=\"slide\" aria-label=\"1 de 8\"><figure class=\"swiper-slide-inner\"><img class=\"swiper-slide-image swiper-lazy\" data-src=\"https:\/\/leuenbergerspa.com\/wp-content\/uploads\/2024\/01\/pexels-kindel-media-6868178-scaled-e1706112419554.webp\" alt=\"pexels-kindel-media-6868178\" \/><div class=\"swiper-lazy-preloader\"><\/div><\/figure><\/div><div class=\"swiper-slide\" role=\"group\" aria-roledescription=\"slide\" aria-label=\"2 de 8\"><figure class=\"swiper-slide-inner\"><img class=\"swiper-slide-image swiper-lazy\" data-src=\"https:\/\/leuenbergerspa.com\/wp-content\/uploads\/2024\/01\/pexels-kindel-media-6868790-scaled-e1706112442428.webp\" alt=\"pexels-kindel-media-6868790\" \/><div class=\"swiper-lazy-preloader\"><\/div><\/figure><\/div><div class=\"swiper-slide\" role=\"group\" aria-roledescription=\"slide\" aria-label=\"3 de 8\"><figure class=\"swiper-slide-inner\"><img class=\"swiper-slide-image swiper-lazy\" data-src=\"https:\/\/leuenbergerspa.com\/wp-content\/uploads\/2024\/01\/pexels-kindel-media-6869040-scaled-e1706112492241.webp\" alt=\"pexels-kindel-media-6869040\" \/><div class=\"swiper-lazy-preloader\"><\/div><\/figure><\/div><div class=\"swiper-slide\" role=\"group\" aria-roledescription=\"slide\" aria-label=\"4 de 8\"><figure class=\"swiper-slide-inner\"><img class=\"swiper-slide-image swiper-lazy\" data-src=\"https:\/\/leuenbergerspa.com\/wp-content\/uploads\/2023\/12\/pexels-kindel-media-6994138-scaled.webp\" alt=\"pexels-kindel-media-6994138\" \/><div class=\"swiper-lazy-preloader\"><\/div><\/figure><\/div><div class=\"swiper-slide\" role=\"group\" aria-roledescription=\"slide\" aria-label=\"5 de 8\"><figure class=\"swiper-slide-inner\"><img class=\"swiper-slide-image swiper-lazy\" data-src=\"https:\/\/leuenbergerspa.com\/wp-content\/uploads\/2024\/01\/pexels-tima-miroshnichenko-6169155-scaled-e1706112555239.webp\" alt=\"pexels-tima-miroshnichenko-6169155\" \/><div class=\"swiper-lazy-preloader\"><\/div><\/figure><\/div><div class=\"swiper-slide\" role=\"group\" aria-roledescription=\"slide\" aria-label=\"6 de 8\"><figure class=\"swiper-slide-inner\"><img class=\"swiper-slide-image swiper-lazy\" data-src=\"https:\/\/leuenbergerspa.com\/wp-content\/uploads\/2024\/01\/pexels-tima-miroshnichenko-6169665-scaled-e1706112610382.webp\" alt=\"pexels-tima-miroshnichenko-6169665\" \/><div class=\"swiper-lazy-preloader\"><\/div><\/figure><\/div><div class=\"swiper-slide\" role=\"group\" aria-roledescription=\"slide\" aria-label=\"7 de 8\"><figure class=\"swiper-slide-inner\"><img class=\"swiper-slide-image swiper-lazy\" data-src=\"https:\/\/leuenbergerspa.com\/wp-content\/uploads\/2024\/01\/pexels-kindel-media-6868177-scaled-e1706112718135.webp\" alt=\"pexels-kindel-media-6868177\" \/><div class=\"swiper-lazy-preloader\"><\/div><\/figure><\/div><div class=\"swiper-slide\" role=\"group\" aria-roledescription=\"slide\" aria-label=\"8 de 8\"><figure class=\"swiper-slide-inner\"><img class=\"swiper-slide-image swiper-lazy\" data-src=\"https:\/\/leuenbergerspa.com\/wp-content\/uploads\/2024\/01\/brando-makes-branding-xRuyevrHBf0-unsplash-scaled-e1706112776921.webp\" alt=\"brando-makes-branding-xRuyevrHBf0-unsplash\" \/><div class=\"swiper-lazy-preloader\"><\/div><\/figure><\/div>\t\t\t<\/div>\n\t\t\t\t\t\t\t\n\t\t\t\t\t\t\t\t\t<\/div>\n\t\t\t\t\t\t<\/div>\n\t\t\t\t<\/div>\n\t\t\t\t\t<\/div>\n\t\t<\/div>\n\t\t\t\t\t<\/div>\n\t\t<\/section>\n\t\t\t\t<section class=\"elementor-section elementor-top-section elementor-element elementor-element-7b66874 elementor-section-boxed elementor-section-height-default elementor-section-height-default\" data-id=\"7b66874\" data-element_type=\"section\" data-e-type=\"section\" data-settings=\"{&quot;background_background&quot;:&quot;classic&quot;}\">\n\t\t\t\t\t\t<div class=\"elementor-container elementor-column-gap-default\">\n\t\t\t\t\t<div class=\"elementor-column elementor-col-100 elementor-top-column elementor-element elementor-element-1d6f005\" data-id=\"1d6f005\" data-element_type=\"column\" data-e-type=\"column\">\n\t\t\t<div class=\"elementor-widget-wrap elementor-element-populated\">\n\t\t\t\t\t\t<div class=\"elementor-element elementor-element-a5c4eb8 elementor-align-center elementor-widget elementor-widget-lottie\" data-id=\"a5c4eb8\" data-element_type=\"widget\" data-e-type=\"widget\" data-settings=\"{&quot;source&quot;:&quot;external_url&quot;,&quot;source_external_url&quot;:{&quot;url&quot;:&quot;https:\\\/\\\/assets5.lottiefiles.com\\\/packages\\\/lf20_3eFJgudMVY.json&quot;,&quot;is_external&quot;:&quot;&quot;,&quot;nofollow&quot;:&quot;&quot;,&quot;custom_attributes&quot;:&quot;&quot;},&quot;loop&quot;:&quot;yes&quot;,&quot;lazyload&quot;:&quot;yes&quot;,&quot;link_to&quot;:&quot;none&quot;,&quot;trigger&quot;:&quot;arriving_to_viewport&quot;,&quot;viewport&quot;:{&quot;unit&quot;:&quot;%&quot;,&quot;size&quot;:&quot;&quot;,&quot;sizes&quot;:{&quot;start&quot;:0,&quot;end&quot;:100}},&quot;play_speed&quot;:{&quot;unit&quot;:&quot;px&quot;,&quot;size&quot;:1,&quot;sizes&quot;:[]},&quot;start_point&quot;:{&quot;unit&quot;:&quot;%&quot;,&quot;size&quot;:0,&quot;sizes&quot;:[]},&quot;end_point&quot;:{&quot;unit&quot;:&quot;%&quot;,&quot;size&quot;:100,&quot;sizes&quot;:[]},&quot;renderer&quot;:&quot;svg&quot;}\" data-widget_type=\"lottie.default\">\n\t\t\t\t<div class=\"elementor-widget-container\">\n\t\t\t\t\t<div class=\"e-lottie__container\"><div class=\"e-lottie__animation\"><\/div><\/div>\t\t\t\t<\/div>\n\t\t\t\t<\/div>\n\t\t\t\t<div class=\"elementor-element elementor-element-7470479 elementor-widget elementor-widget-heading\" data-id=\"7470479\" data-element_type=\"widget\" data-e-type=\"widget\" data-widget_type=\"heading.default\">\n\t\t\t\t<div class=\"elementor-widget-container\">\n\t\t\t\t\t<h2 class=\"elementor-heading-title elementor-size-default\">Cerca de ti, en cualquier lugar<\/h2>\t\t\t\t<\/div>\n\t\t\t\t<\/div>\n\t\t\t\t<div class=\"elementor-element elementor-element-3f8395d elementor-widget elementor-widget-heading\" data-id=\"3f8395d\" data-element_type=\"widget\" data-e-type=\"widget\" data-widget_type=\"heading.default\">\n\t\t\t\t<div class=\"elementor-widget-container\">\n\t\t\t\t\t<h2 class=\"elementor-heading-title elementor-size-default\">Escr\u00edbenos o ll\u00e1manos y te pondremos en contacto\ncon tu distribuidor Leuenberger+C m\u00e1s cercano<\/h2>\t\t\t\t<\/div>\n\t\t\t\t<\/div>\n\t\t\t\t<div class=\"elementor-element elementor-element-2d3608c elementor-align-center elementor-widget elementor-widget-button\" data-id=\"2d3608c\" data-element_type=\"widget\" data-e-type=\"widget\" data-widget_type=\"button.default\">\n\t\t\t\t<div class=\"elementor-widget-container\">\n\t\t\t\t\t\t\t\t\t<div class=\"elementor-button-wrapper\">\n\t\t\t\t\t<a class=\"elementor-button elementor-button-link elementor-size-sm\" href=\"https:\/\/leuenbergerspa.com\/es\/contactos-para-empresas\/\">\n\t\t\t\t\t\t<span class=\"elementor-button-content-wrapper\">\n\t\t\t\t\t\t\t\t\t<span class=\"elementor-button-text\">CONT\u00c1CTANOS<\/span>\n\t\t\t\t\t<\/span>\n\t\t\t\t\t<\/a>\n\t\t\t\t<\/div>\n\t\t\t\t\t\t\t\t<\/div>\n\t\t\t\t<\/div>\n\t\t\t\t\t<\/div>\n\t\t<\/div>\n\t\t\t\t\t<\/div>\n\t\t<\/section>\n\t\t\t\t<\/div>\n\t\t","protected":false},"excerpt":{"rendered":"<p>Aplicaciones COMERCIO ELECTR\u00d3NICOY SOBRES Termomelt FP &#8211; adhesivos t\u00e9cnicos PSA de alta adhesi\u00f3n y alto tack inicial para diferentes tipos de sobres (comercio electr\u00f3nico) tanto de PE como de papel y cart\u00f3n. Embalaje ecol\u00f3gico Free-pack. Termomelt Ecotop &#8211; adhesivos de alto rendimiento para el cierre de cartones. Resicol U &#8211; adhesivos t\u00e9cnicos en fr\u00edo para [&hellip;]<\/p>\n","protected":false},"author":1,"featured_media":0,"parent":0,"menu_order":0,"comment_status":"closed","ping_status":"closed","template":"elementor_header_footer","meta":{"_acf_changed":false,"om_disable_all_campaigns":false,"_monsterinsights_skip_tracking":false,"_monsterinsights_sitenote_active":false,"_monsterinsights_sitenote_note":"","_monsterinsights_sitenote_category":0,"footnotes":""},"class_list":["post-4093","page","type-page","status-publish","hentry"],"acf":[],"aioseo_notices":[],"_links":{"self":[{"href":"https:\/\/leuenbergerspa.com\/es\/wp-json\/wp\/v2\/pages\/4093","targetHints":{"allow":["GET"]}}],"collection":[{"href":"https:\/\/leuenbergerspa.com\/es\/wp-json\/wp\/v2\/pages"}],"about":[{"href":"https:\/\/leuenbergerspa.com\/es\/wp-json\/wp\/v2\/types\/page"}],"author":[{"embeddable":true,"href":"https:\/\/leuenbergerspa.com\/es\/wp-json\/wp\/v2\/users\/1"}],"replies":[{"embeddable":true,"href":"https:\/\/leuenbergerspa.com\/es\/wp-json\/wp\/v2\/comments?post=4093"}],"version-history":[{"count":0,"href":"https:\/\/leuenbergerspa.com\/es\/wp-json\/wp\/v2\/pages\/4093\/revisions"}],"wp:attachment":[{"href":"https:\/\/leuenbergerspa.com\/es\/wp-json\/wp\/v2\/media?parent=4093"}],"curies":[{"name":"wp","href":"https:\/\/api.w.org\/{rel}","templated":true}]}}